{"id":274,"date":"2019-02-03T12:14:46","date_gmt":"2019-02-03T12:14:46","guid":{"rendered":"http:\/\/2lefthandcrew.com\/home\/?page_id=274"},"modified":"2019-02-03T12:40:08","modified_gmt":"2019-02-03T12:40:08","slug":"geliebter-bulli","status":"publish","type":"page","link":"https:\/\/2lefthandcrew.com\/home\/geliebter-bulli\/","title":{"rendered":"Geliebter Bulli"},"content":{"rendered":"<p>Mit dem \u201eBulli\u201c hat VW ein beeindruckendes St\u00fcck Automobilgeschichte geschrieben.<br \/>\nAm 8. M\u00e4rz 1950 rollte der erste VW Bus, der T1, vom Band in Wolfsburg. Damit begann eine \u00c4ra, die bis heute zum akteullen T6 reicht.<br \/>\nIn den 65 Jahren seiner Bauzeit ist der Bulli zum Kultobjekt geworden.<\/p>\n    <script>\r\n        jQuery.browser = {};\r\n        (function () {\r\n            jQuery.browser.msie = false;\r\n            jQuery.browser.version = 0;\r\n            if (navigator.userAgent.match(\/MSIE ([0-9]+)\\.\/)) {\r\n                jQuery.browser.msie = true;\r\n                jQuery.browser.version = RegExp.$1;\r\n            }\r\n        })();\r\n    <\/script>\r\n\r\n    <style>\r\n        .modal-backdrop.in {\r\n            display: none !important;\r\n        }\r\n\r\n        .b-link-fade .b-wrapper, .b-link-fade .b-top-line {\r\n            background: rgba(116, 201, 190, 1);;\r\n        }\r\n\r\n        .b-link-flow .b-wrapper, .b-link-flow .b-top-line {\r\n            background: rgba(116, 201, 190, 1);;\r\n        }\r\n\r\n        .b-link-stroke .b-top-line {\r\n            background: rgba(116, 201, 190, 1);;\r\n        }\r\n\r\n        .b-link-stroke .b-bottom-line {\r\n            background: rgba(116, 201, 190, 1);;\r\n        }\r\n\r\n        .b-link-box .b-top-line {\r\n\r\n            border: 16px solid#74C9BE;\r\n        }\r\n\r\n        .b-link-box .b-bottom-line {\r\n            background: rgba(116, 201, 190, 1);;\r\n        }\r\n\r\n        .b-link-stripe .b-line {\r\n            background: rgba(116, 201, 190, 1);;\r\n        }\r\n\r\n        .b-link-apart-horisontal .b-top-line, .b-link-apart-horisontal .b-top-line-up {\r\n            background: rgba(116, 201, 190, 1);;\r\n        }\r\n\r\n        .b-link-apart-horisontal .b-bottom-line, .b-link-apart-horisontal .b-bottom-line-up {\r\n            background: rgba(116, 201, 190, 1);;\r\n        }\r\n\r\n        .b-link-apart-vertical .b-top-line, .b-link-apart-vertical .b-top-line-up {\r\n            background: rgba(116, 201, 190, 1);;\r\n        }\r\n\r\n        .b-link-apart-vertical .b-bottom-line, .b-link-apart-vertical .b-bottom-line-up {\r\n            background: rgba(116, 201, 190, 1);;\r\n        }\r\n\r\n        .b-link-diagonal .b-line {\r\n            background: rgba(116, 201, 190, 1);;\r\n        }\r\n\r\n        .b-wrapper {\r\n            font-family: Arial;\r\n        \/ \/ real name pass here\r\n        }\r\n\r\n        .rpg-gal-title {\r\n            font-family: Arial;\r\n        }\r\n\r\n            <\/style>\r\n\r\n\t    <div id=\"gallery1\" class=\"gal-container\">\r\n\t\t            <!--get the post id-->\r\n\t\t\t            <div id=\"gal-container-277\" style=\"display: block; overflow:hidden;\">\r\n\t\t\t\t                    <!-- gallery title-->\r\n                    <div class=\"rpg-gal-title\">\r\n\t\t\t\t\t\tBulli&#8217;s von Freunde                    <\/div>\r\n\t\t\t\t                <!-- gallery photos-->\r\n                <div style=\"\">\r\n\t\t\t\t\t                            <div class=\"col-md-4 col-sm-6 wl-gallery\">\r\n                                <div class=\"b-link-fade b-animate-go\">\r\n                                    <img src=\"http:\/\/2lefthandcrew.com\/wp-content\/uploads\/2019\/02\/2019_FDC-1024x683.jpg\" alt=\"Fraky's Bulli\"\r\n                                         class=\"gall-img-responsive\">\r\n                                    <div class=\"b-wrapper\">\r\n                                    \t <div class=\"b-wrapper-inner\">\r\n\t                                        <h2 class=\"b-from-left b-animate b-delay03\">Fraky&#039;s Bulli<\/h2>\r\n\t                                        <p class=\"b-from-right b-animate b-delay03\">\r\n\t                                            <a class=\"wlrpgimg\" href=\"http:\/\/2lefthandcrew.com\/wp-content\/uploads\/2019\/02\/2019_FDC-1024x683.jpg\"\r\n\t                                               title=\"Fraky&#039;s Bulli\">\r\n\t                                                <i class=\" fa-2x\"><\/i>\r\n\t                                            <\/a>&nbsp;&nbsp;\r\n\t\t\t\t\t\t\t\t\t\t\t\t\t                                        <\/p>\r\n                                       <\/div>\r\n                                   <\/div>\r\n                                <\/div>\r\n                            <\/div>\r\n\r\n\t\t\t\t\t\t\t                            <div class=\"col-md-4 col-sm-6 wl-gallery\">\r\n                                <div class=\"b-link-fade b-animate-go\">\r\n                                    <img src=\"http:\/\/2lefthandcrew.com\/wp-content\/uploads\/2019\/02\/2019_LP-1024x683.jpg\" alt=\"Love Bulli\"\r\n                                         class=\"gall-img-responsive\">\r\n                                    <div class=\"b-wrapper\">\r\n                                    \t <div class=\"b-wrapper-inner\">\r\n\t                                        <h2 class=\"b-from-left b-animate b-delay03\">Love Bulli<\/h2>\r\n\t                                        <p class=\"b-from-right b-animate b-delay03\">\r\n\t                                            <a class=\"wlrpgimg\" href=\"http:\/\/2lefthandcrew.com\/wp-content\/uploads\/2019\/02\/2019_LP-1024x683.jpg\"\r\n\t                                               title=\"Love Bulli\">\r\n\t                                                <i class=\" fa-2x\"><\/i>\r\n\t                                            <\/a>&nbsp;&nbsp;\r\n\t\t\t\t\t\t\t\t\t\t\t\t\t                                        <\/p>\r\n                                       <\/div>\r\n                                   <\/div>\r\n                                <\/div>\r\n                            <\/div>\r\n\r\n\t\t\t\t\t\t\t                            <div class=\"col-md-4 col-sm-6 wl-gallery\">\r\n                                <div class=\"b-link-fade b-animate-go\">\r\n                                    <img src=\"http:\/\/2lefthandcrew.com\/wp-content\/uploads\/2019\/02\/2019_USI-1024x683.jpg\" alt=\"Mr. T Bulli\"\r\n                                         class=\"gall-img-responsive\">\r\n                                    <div class=\"b-wrapper\">\r\n                                    \t <div class=\"b-wrapper-inner\">\r\n\t                                        <h2 class=\"b-from-left b-animate b-delay03\">Mr. T Bulli<\/h2>\r\n\t                                        <p class=\"b-from-right b-animate b-delay03\">\r\n\t                                            <a class=\"wlrpgimg\" href=\"http:\/\/2lefthandcrew.com\/wp-content\/uploads\/2019\/02\/2019_USI-1024x683.jpg\"\r\n\t                                               title=\"Mr. T Bulli\">\r\n\t                                                <i class=\" fa-2x\"><\/i>\r\n\t                                            <\/a>&nbsp;&nbsp;\r\n\t\t\t\t\t\t\t\t\t\t\t\t\t                                        <\/p>\r\n                                       <\/div>\r\n                                   <\/div>\r\n                                <\/div>\r\n                            <\/div>\r\n\r\n\t\t\t\t\t\t\t                                    <div class=\"clearfix\"><\/div>\r\n\t\t\t\t\t\t\t\t\t                            <div class=\"col-md-4 col-sm-6 wl-gallery\">\r\n                                <div class=\"b-link-fade b-animate-go\">\r\n                                    <img src=\"http:\/\/2lefthandcrew.com\/wp-content\/uploads\/2019\/02\/2019_WP-1024x683.jpg\" alt=\"Race Bulli\"\r\n                                         class=\"gall-img-responsive\">\r\n                                    <div class=\"b-wrapper\">\r\n                                    \t <div class=\"b-wrapper-inner\">\r\n\t                                        <h2 class=\"b-from-left b-animate b-delay03\">Race Bulli<\/h2>\r\n\t                                        <p class=\"b-from-right b-animate b-delay03\">\r\n\t                                            <a class=\"wlrpgimg\" href=\"http:\/\/2lefthandcrew.com\/wp-content\/uploads\/2019\/02\/2019_WP-1024x683.jpg\"\r\n\t                                               title=\"Race Bulli\">\r\n\t                                                <i class=\" fa-2x\"><\/i>\r\n\t                                            <\/a>&nbsp;&nbsp;\r\n\t\t\t\t\t\t\t\t\t\t\t\t\t                                        <\/p>\r\n                                       <\/div>\r\n                                   <\/div>\r\n                                <\/div>\r\n                            <\/div>\r\n\r\n\t\t\t\t\t\t\t                            <div class=\"col-md-4 col-sm-6 wl-gallery\">\r\n                                <div class=\"b-link-fade b-animate-go\">\r\n                                    <img src=\"http:\/\/2lefthandcrew.com\/wp-content\/uploads\/2019\/02\/2019_AMI-1024x683.jpg\" alt=\"Sorry ist kein Bulli ;)\"\r\n                                         class=\"gall-img-responsive\">\r\n                                    <div class=\"b-wrapper\">\r\n                                    \t <div class=\"b-wrapper-inner\">\r\n\t                                        <h2 class=\"b-from-left b-animate b-delay03\">Sorry ist kein Bulli \ud83d\ude09<\/h2>\r\n\t                                        <p class=\"b-from-right b-animate b-delay03\">\r\n\t                                            <a class=\"wlrpgimg\" href=\"http:\/\/2lefthandcrew.com\/wp-content\/uploads\/2019\/02\/2019_AMI-1024x683.jpg\"\r\n\t                                               title=\"Sorry ist kein Bulli ;)\">\r\n\t                                                <i class=\" fa-2x\"><\/i>\r\n\t                                            <\/a>&nbsp;&nbsp;\r\n\t\t\t\t\t\t\t\t\t\t\t\t\t                                        <\/p>\r\n                                       <\/div>\r\n                                   <\/div>\r\n                                <\/div>\r\n                            <\/div>\r\n\r\n\t\t\t\t\t\t\t                <\/div>\r\n            <\/div>\r\n\t\t    <\/div>\r\n\t\n","protected":false},"excerpt":{"rendered":"<p>Mit dem \u201eBulli\u201c hat VW ein beeindruckendes St\u00fcck Automobilgeschichte geschrieben. Am 8. M\u00e4rz 1950 rollte der erste VW Bus, der T1, vom Band in Wolfsburg. Damit begann eine \u00c4ra, die bis heute zum akteullen T6 reicht. In den 65 Jahren seiner Bauzeit ist der Bulli zum Kultobjekt geworden.<\/p>\n","protected":false},"author":1,"featured_media":0,"parent":0,"menu_order":0,"comment_status":"closed","ping_status":"closed","template":"","meta":[],"_links":{"self":[{"href":"https:\/\/2lefthandcrew.com\/home\/wp-json\/wp\/v2\/pages\/274"}],"collection":[{"href":"https:\/\/2lefthandcrew.com\/home\/wp-json\/wp\/v2\/pages"}],"about":[{"href":"https:\/\/2lefthandcrew.com\/home\/wp-json\/wp\/v2\/types\/page"}],"author":[{"embeddable":true,"href":"https:\/\/2lefthandcrew.com\/home\/wp-json\/wp\/v2\/users\/1"}],"replies":[{"embeddable":true,"href":"https:\/\/2lefthandcrew.com\/home\/wp-json\/wp\/v2\/comments?post=274"}],"version-history":[{"count":2,"href":"https:\/\/2lefthandcrew.com\/home\/wp-json\/wp\/v2\/pages\/274\/revisions"}],"predecessor-version":[{"id":280,"href":"https:\/\/2lefthandcrew.com\/home\/wp-json\/wp\/v2\/pages\/274\/revisions\/280"}],"wp:attachment":[{"href":"https:\/\/2lefthandcrew.com\/home\/wp-json\/wp\/v2\/media?parent=274"}],"curies":[{"name":"wp","href":"https:\/\/api.w.org\/{rel}","templated":true}]}}